{"id":27,"date":"2023-10-27T15:23:20","date_gmt":"2023-10-27T13:23:20","guid":{"rendered":"https:\/\/virginie.dubois.entierement.net\/wp\/?page_id=27"},"modified":"2025-03-05T13:04:56","modified_gmt":"2025-03-05T12:04:56","slug":"professeur-rpm","status":"publish","type":"page","link":"https:\/\/virginie.dubois.entierement.net\/wp\/professeur-rpm\/","title":{"rendered":"Autisme"},"content":{"rendered":"\t\t<div data-elementor-type=\"wp-page\" data-elementor-id=\"27\" class=\"elementor elementor-27\">\n\t\t\t\t\t\t\t<div class=\"elementor-element elementor-element-2f83359 e-flex e-con-boxed e-con e-parent\" data-id=\"2f83359\" data-element_type=\"container\" data-settings=\"{&quot;content_width&quot;:&quot;boxed&quot;}\" data-core-v316-plus=\"true\">\n\t\t\t\t\t<div class=\"e-con-inner\">\n\t\t<div class=\"elementor-element elementor-element-4250fb8 e-flex e-con-boxed e-con e-child\" data-id=\"4250fb8\" data-element_type=\"container\" data-settings=\"{&quot;background_background&quot;:&quot;classic&quot;,&quot;content_width&quot;:&quot;boxed&quot;}\">\n\t\t\t\t\t<div class=\"e-con-inner\">\n\t\t\t\t<div class=\"elementor-element elementor-element-a1426e9 elementor-widget elementor-widget-heading\" data-id=\"a1426e9\" data-element_type=\"widget\" data-widget_type=\"heading.default\">\n\t\t\t\t<div class=\"elementor-widget-container\">\n\t\t\t<style>\/*! elementor - v3.17.0 - 25-10-2023 *\/\n.elementor-heading-title{padding:0;margin:0;line-height:1}.elementor-widget-heading .elementor-heading-title[class*=elementor-size-]>a{color:inherit;font-size:inherit;line-height:inherit}.elementor-widget-heading .elementor-heading-title.elementor-size-small{font-size:15px}.elementor-widget-heading .elementor-heading-title.elementor-size-medium{font-size:19px}.elementor-widget-heading .elementor-heading-title.elementor-size-large{font-size:29px}.elementor-widget-heading .elementor-heading-title.elementor-size-xl{font-size:39px}.elementor-widget-heading .elementor-heading-title.elementor-size-xxl{font-size:59px}<\/style><h1 class=\"elementor-heading-title elementor-size-xl\">Autisme<\/h1>\t\t<\/div>\n\t\t\t\t<\/div>\n\t\t\t\t\t<\/div>\n\t\t\t\t<\/div>\n\t\t\t\t\t<\/div>\n\t\t\t\t<\/div>\n\t\t<div class=\"elementor-element elementor-element-ae8fc4b e-flex e-con-boxed e-con e-parent\" data-id=\"ae8fc4b\" data-element_type=\"container\" data-settings=\"{&quot;content_width&quot;:&quot;boxed&quot;}\" data-core-v316-plus=\"true\">\n\t\t\t\t\t<div class=\"e-con-inner\">\n\t\t\t\t<div class=\"elementor-element elementor-element-ccd436d elementor-widget elementor-widget-menu-anchor\" data-id=\"ccd436d\" data-element_type=\"widget\" data-widget_type=\"menu-anchor.default\">\n\t\t\t\t<div class=\"elementor-widget-container\">\n\t\t\t<style>\/*! elementor - v3.17.0 - 25-10-2023 *\/\nbody.elementor-page .elementor-widget-menu-anchor{margin-bottom:0}<\/style>\t\t<div id=\"SommaireRPM\" class=\"elementor-menu-anchor\"><\/div>\n\t\t\t\t<\/div>\n\t\t\t\t<\/div>\n\t\t<div class=\"elementor-element elementor-element-5034212 e-flex e-con-boxed e-con e-child\" data-id=\"5034212\" data-element_type=\"container\" data-settings=\"{&quot;content_width&quot;:&quot;boxed&quot;}\">\n\t\t\t\t\t<div class=\"e-con-inner\">\n\t\t\t\t<div class=\"elementor-element elementor-element-6b6411a e-transform elementor-widget elementor-widget-heading\" data-id=\"6b6411a\" data-element_type=\"widget\" data-settings=\"{&quot;_transform_translateX_effect_hover&quot;:{&quot;unit&quot;:&quot;px&quot;,&quot;size&quot;:0,&quot;sizes&quot;:[]},&quot;_transform_translateY_effect_hover&quot;:{&quot;unit&quot;:&quot;px&quot;,&quot;size&quot;:-2,&quot;sizes&quot;:[]},&quot;_transform_translateX_effect_hover_tablet&quot;:{&quot;unit&quot;:&quot;px&quot;,&quot;size&quot;:&quot;&quot;,&quot;sizes&quot;:[]},&quot;_transform_translateX_effect_hover_mobile&quot;:{&quot;unit&quot;:&quot;px&quot;,&quot;size&quot;:&quot;&quot;,&quot;sizes&quot;:[]},&quot;_transform_translateY_effect_hover_tablet&quot;:{&quot;unit&quot;:&quot;px&quot;,&quot;size&quot;:&quot;&quot;,&quot;sizes&quot;:[]},&quot;_transform_translateY_effect_hover_mobile&quot;:{&quot;unit&quot;:&quot;px&quot;,&quot;size&quot;:&quot;&quot;,&quot;sizes&quot;:[]}}\" data-widget_type=\"heading.default\">\n\t\t\t\t<div class=\"elementor-widget-container\">\n\t\t\t<h2 class=\"elementor-heading-title elementor-size-default\"><a href=\"#CommentRPM\">La RPM<\/a><\/h2>\t\t<\/div>\n\t\t\t\t<\/div>\n\t\t\t\t<div class=\"elementor-element elementor-element-5cf15d3 e-transform elementor-widget elementor-widget-heading\" data-id=\"5cf15d3\" data-element_type=\"widget\" data-settings=\"{&quot;_transform_translateX_effect_hover&quot;:{&quot;unit&quot;:&quot;px&quot;,&quot;size&quot;:0,&quot;sizes&quot;:[]},&quot;_transform_translateY_effect_hover&quot;:{&quot;unit&quot;:&quot;px&quot;,&quot;size&quot;:-2,&quot;sizes&quot;:[]},&quot;_transform_translateX_effect_hover_tablet&quot;:{&quot;unit&quot;:&quot;px&quot;,&quot;size&quot;:&quot;&quot;,&quot;sizes&quot;:[]},&quot;_transform_translateX_effect_hover_mobile&quot;:{&quot;unit&quot;:&quot;px&quot;,&quot;size&quot;:&quot;&quot;,&quot;sizes&quot;:[]},&quot;_transform_translateY_effect_hover_tablet&quot;:{&quot;unit&quot;:&quot;px&quot;,&quot;size&quot;:&quot;&quot;,&quot;sizes&quot;:[]},&quot;_transform_translateY_effect_hover_mobile&quot;:{&quot;unit&quot;:&quot;px&quot;,&quot;size&quot;:&quot;&quot;,&quot;sizes&quot;:[]}}\" data-widget_type=\"heading.default\">\n\t\t\t\t<div class=\"elementor-widget-container\">\n\t\t\t<h2 class=\"elementor-heading-title elementor-size-default\"><a href=\"#PourquoiRPM\">La RPM et la pr\u00e9somption de comp\u00e9tence<\/a><\/h2>\t\t<\/div>\n\t\t\t\t<\/div>\n\t\t\t\t\t<\/div>\n\t\t\t\t<\/div>\n\t\t<div class=\"elementor-element elementor-element-18a91f8 e-flex e-con-boxed e-con e-child\" data-id=\"18a91f8\" data-element_type=\"container\" data-settings=\"{&quot;content_width&quot;:&quot;boxed&quot;}\">\n\t\t\t\t\t<div class=\"e-con-inner\">\n\t\t<div class=\"elementor-element elementor-element-e7b7511 e-flex e-con-boxed e-con e-child\" data-id=\"e7b7511\" data-element_type=\"container\" data-settings=\"{&quot;content_width&quot;:&quot;boxed&quot;}\">\n\t\t\t\t\t<div class=\"e-con-inner\">\n\t\t<div class=\"elementor-element elementor-element-b8901c8 e-flex e-con-boxed e-con e-child\" data-id=\"b8901c8\" data-element_type=\"container\" data-settings=\"{&quot;background_background&quot;:&quot;classic&quot;,&quot;content_width&quot;:&quot;boxed&quot;}\">\n\t\t\t\t\t<div class=\"e-con-inner\">\n\t\t\t\t<div class=\"elementor-element elementor-element-fc639d4 elementor-widget elementor-widget-text-editor\" data-id=\"fc639d4\" data-element_type=\"widget\" data-widget_type=\"text-editor.default\">\n\t\t\t\t<div class=\"elementor-widget-container\">\n\t\t\t<style>\/*! elementor - v3.17.0 - 25-10-2023 *\/\n.elementor-widget-text-editor.elementor-drop-cap-view-stacked .elementor-drop-cap{background-color:#69727d;color:#fff}.elementor-widget-text-editor.elementor-drop-cap-view-framed .elementor-drop-cap{color:#69727d;border:3px solid;background-color:transparent}.elementor-widget-text-editor:not(.elementor-drop-cap-view-default) .elementor-drop-cap{margin-top:8px}.elementor-widget-text-editor:not(.elementor-drop-cap-view-default) .elementor-drop-cap-letter{width:1em;height:1em}.elementor-widget-text-editor .elementor-drop-cap{float:left;text-align:center;line-height:1;font-size:50px}.elementor-widget-text-editor .elementor-drop-cap-letter{display:inline-block}<\/style>\t\t\t\t<p class=\"font8\">Il existe de plus en plus de t\u00e9moignages de personnes autistes qui ne peuvent pas parler mais qui peuvent communiquer par un autre moyen. On dit qu\u2019elles sont \u00ab verbales non oralisantes \u00bb.<\/p>\t\t\t\t\t\t<\/div>\n\t\t\t\t<\/div>\n\t\t\t\t<div class=\"elementor-element elementor-element-1fcbd47 elementor-widget elementor-widget-text-editor\" data-id=\"1fcbd47\" data-element_type=\"widget\" data-widget_type=\"text-editor.default\">\n\t\t\t\t<div class=\"elementor-widget-container\">\n\t\t\t\t\t\t\t<p class=\"font8\">La plupart du temps, ces personnes s\u2019expriment en \u00e9pelant les mots sur une planche de lettres, un clavier ou une tablette. Ils communiquent de mani\u00e8re ind\u00e9pendante.<\/p>\t\t\t\t\t\t<\/div>\n\t\t\t\t<\/div>\n\t\t\t\t<div class=\"elementor-element elementor-element-dbaf613 elementor-widget elementor-widget-text-editor\" data-id=\"dbaf613\" data-element_type=\"widget\" data-widget_type=\"text-editor.default\">\n\t\t\t\t<div class=\"elementor-widget-container\">\n\t\t\t\t\t\t\t<p class=\"font8\">Les personnes les plus connues sont Naoki Igashida (Japon), Carly Fleischmann (Canada), Tito Mukhopadhyay (Inde), Ido Kedar (USA). Et en France, Nicolas Joncour et Babouillec.<\/p>\t\t\t\t\t\t<\/div>\n\t\t\t\t<\/div>\n\t\t\t\t<div class=\"elementor-element elementor-element-ef878a5 elementor-widget elementor-widget-text-editor\" data-id=\"ef878a5\" data-element_type=\"widget\" data-widget_type=\"text-editor.default\">\n\t\t\t\t<div class=\"elementor-widget-container\">\n\t\t\t\t\t\t\t<p class=\"font8\">Toutes ces personnes t\u00e9moignent d\u2019une compr\u00e9hension et d\u2019une intelligence pr\u00e9serv\u00e9es dans un corps sur lequel elles ont tr\u00e8s peu de contr\u00f4le et surtout un contr\u00f4le al\u00e9atoire. Toute r\u00e9ponse motrice, fine ou globale, est probl\u00e9matique.<\/p>\t\t\t\t\t\t<\/div>\n\t\t\t\t<\/div>\n\t\t\t\t<div class=\"elementor-element elementor-element-754e3f0 elementor-widget elementor-widget-text-editor\" data-id=\"754e3f0\" data-element_type=\"widget\" data-widget_type=\"text-editor.default\">\n\t\t\t\t<div class=\"elementor-widget-container\">\n\t\t\t\t\t\t\t<p class=\"font8\">Ces personnes sont tr\u00e8s difficilement \u00e9valuables. En effet, toute \u00e9valuation demande une r\u00e9ponse motrice et c&rsquo;est exactement l\u00e0 qu&rsquo;elles sont en difficult\u00e9. M\u00eame si elles comprennent et savent ce qu&rsquo;il faut faire, elles ne le peuvent pas.<\/p><p class=\"font8\">Or la plupart des interventions dans le domaine de l\u2019autisme sont bas\u00e9es sur l\u2019\u00e9valuation. Les objectifs de travail sont fix\u00e9s \u00e0 partir des r\u00e9sultats des \u00e9valuations. Alors si l&rsquo;\u00e9valuation ne refl\u00e8te pas les capacit\u00e9s r\u00e9elles de la personne autiste, le travail n&rsquo;est pas adapt\u00e9.<\/p>\t\t\t\t\t\t<\/div>\n\t\t\t\t<\/div>\n\t\t\t\t<div class=\"elementor-element elementor-element-fb96b2c elementor-widget elementor-widget-text-editor\" data-id=\"fb96b2c\" data-element_type=\"widget\" data-widget_type=\"text-editor.default\">\n\t\t\t\t<div class=\"elementor-widget-container\">\n\t\t\t\t\t\t\t<p class=\"font8\">En partant de ce constat, l\u2019id\u00e9e est d\u2019inverser le processus. Au lieu d\u2019\u00e9valuer et de fixer des objectifs \u00e0 partir des r\u00e9sultats de l\u2019\u00e9valuation, on part de l\u2019objectif : Communiquer. On construit ensuite les comp\u00e9tences \u00ab \u00e0 l\u2019aveugle \u00bb, sans chercher \u00e0 tester la personne pour \u00eatre s\u00fbr qu&rsquo;elle comprend.<\/p>\t\t\t\t\t\t<\/div>\n\t\t\t\t<\/div>\n\t\t\t\t<div class=\"elementor-element elementor-element-43d0299 elementor-widget elementor-widget-text-editor\" data-id=\"43d0299\" data-element_type=\"widget\" data-widget_type=\"text-editor.default\">\n\t\t\t\t<div class=\"elementor-widget-container\">\n\t\t\t\t\t\t\t<p class=\"font8\">Cela demande \u00e0 changer de fa\u00e7on de penser.<\/p><p class=\"font8\"><b>Les personnes autistes doivent avoir droit \u00e0 la \u00ab pr\u00e9somption de comp\u00e9tence \u00bb.<\/b><\/p>\t\t\t\t\t\t<\/div>\n\t\t\t\t<\/div>\n\t\t\t\t<div class=\"elementor-element elementor-element-001a317 elementor-widget elementor-widget-text-editor\" data-id=\"001a317\" data-element_type=\"widget\" data-widget_type=\"text-editor.default\">\n\t\t\t\t<div class=\"elementor-widget-container\">\n\t\t\t\t\t\t\t<p class=\"font8\">Comme les difficult\u00e9s d\u00e9crites par les personnes autistes non oralisantes sont de l\u2019ordre des troubles dyspraxiques, on va proposer un moyen de communication robuste demandant un contr\u00f4le moteur et oculo-moteur restreint. Apr\u00e8s la parole, le moyen de communication le plus riche est le langage \u00e9crit. Nous allons donc apprendre aux personnes autistes \u00e0 \u00e9peler lettre par lettre les mots. Au d\u00e9but, on utilisera le maximum de guidances pour obtenir l\u2019\u00e9pellation, en prenant garde de ne pas essayer d\u2019\u00e9valuer les comp\u00e9tences. La premi\u00e8re \u00e9tape est de r\u00e9ussir \u00e0 obtenir le geste d\u2019\u00e9pellation, peu importe si le \u00ab professeur \u00bb doit montrer la lettre correcte.<\/p>\t\t\t\t\t\t<\/div>\n\t\t\t\t<\/div>\n\t\t\t\t<div class=\"elementor-element elementor-element-a889e9d elementor-widget elementor-widget-text-editor\" data-id=\"a889e9d\" data-element_type=\"widget\" data-widget_type=\"text-editor.default\">\n\t\t\t\t<div class=\"elementor-widget-container\">\n\t\t\t\t\t\t\t<p class=\"font8\">Une attention toute particuli\u00e8re est port\u00e9e sur le fait de ne pas toucher la personne autiste au moment pr\u00e9cis de l\u2019\u00e9pellation, afin de construire l\u2019ind\u00e9pendance du geste. L\u2019objectif final est d\u2019obtenir une <b>communication ind\u00e9pendante.<\/b><\/p>\t\t\t\t\t\t<\/div>\n\t\t\t\t<\/div>\n\t\t\t\t<div class=\"elementor-element elementor-element-8d06264 elementor-widget elementor-widget-text-editor\" data-id=\"8d06264\" data-element_type=\"widget\" data-widget_type=\"text-editor.default\">\n\t\t\t\t<div class=\"elementor-widget-container\">\n\t\t\t\t\t\t\t<p class=\"font8\">Le renfor\u00e7ateur, en RPM, c\u2019est le Savoir ! Les comp\u00e9tences sont travaill\u00e9es pendant des le\u00e7ons dont le contenu correspond id\u00e9alement \u00e0 l\u2019\u00e2ge de l\u2019enfant. Le go\u00fbt d\u2019apprendre devient petit \u00e0 petit le moteur des s\u00e9ances de RPM.<\/p>\t\t\t\t\t\t<\/div>\n\t\t\t\t<\/div>\n\t\t\t\t<div class=\"elementor-element elementor-element-f626fda elementor-widget elementor-widget-text-editor\" data-id=\"f626fda\" data-element_type=\"widget\" data-widget_type=\"text-editor.default\">\n\t\t\t\t<div class=\"elementor-widget-container\">\n\t\t\t\t\t\t\t<p class=\"font8\">La RPM n\u2019est pas la seule m\u00e9thode qui propose un apprentissage de l\u2019\u00e9pellation.<\/p><p class=\"font8\">La S2C (Spell 2 Communicate) est une autre m\u00e9thode qui se d\u00e9veloppe dans le monde.<\/p>\t\t\t\t\t\t<\/div>\n\t\t\t\t<\/div>\n\t\t<div class=\"elementor-element elementor-element-99b523c e-flex e-con-boxed e-con e-child\" data-id=\"99b523c\" data-element_type=\"container\" data-settings=\"{&quot;background_background&quot;:&quot;classic&quot;,&quot;content_width&quot;:&quot;boxed&quot;}\">\n\t\t\t\t\t<div class=\"e-con-inner\">\n\t\t\t\t<div class=\"elementor-element elementor-element-abaa681 elementor-widget elementor-widget-menu-anchor\" data-id=\"abaa681\" data-element_type=\"widget\" data-widget_type=\"menu-anchor.default\">\n\t\t\t\t<div class=\"elementor-widget-container\">\n\t\t\t\t\t<div id=\"PourquoiRPM\" class=\"elementor-menu-anchor\"><\/div>\n\t\t\t\t<\/div>\n\t\t\t\t<\/div>\n\t\t\t\t<div class=\"elementor-element elementor-element-84450bd elementor-widget elementor-widget-heading\" data-id=\"84450bd\" data-element_type=\"widget\" data-widget_type=\"heading.default\">\n\t\t\t\t<div class=\"elementor-widget-container\">\n\t\t\t<h1 class=\"elementor-heading-title elementor-size-xl\">La RPM et la pr\u00e9somption de comp\u00e9tence<\/h1>\t\t<\/div>\n\t\t\t\t<\/div>\n\t\t\t\t\t<\/div>\n\t\t\t\t<\/div>\n\t\t\t\t<div class=\"elementor-element elementor-element-29ee4b6 elementor-widget elementor-widget-button\" data-id=\"29ee4b6\" data-element_type=\"widget\" data-widget_type=\"button.default\">\n\t\t\t\t<div class=\"elementor-widget-container\">\n\t\t\t\t\t<div class=\"elementor-button-wrapper\">\n\t\t\t<a class=\"elementor-button elementor-button-link elementor-size-sm\" href=\"#SommaireRPM\">\n\t\t\t\t\t\t<span class=\"elementor-button-content-wrapper\">\n\t\t\t\t\t\t<span class=\"elementor-button-icon elementor-align-icon-right\">\n\t\t\t\t<i aria-hidden=\"true\" class=\"far fa-arrow-alt-circle-up\"><\/i>\t\t\t<\/span>\n\t\t\t\t\t\t<span class=\"elementor-button-text\">Sommaire<\/span>\n\t\t<\/span>\n\t\t\t\t\t<\/a>\n\t\t<\/div>\n\t\t\t\t<\/div>\n\t\t\t\t<\/div>\n\t\t\t\t\t<\/div>\n\t\t\t\t<\/div>\n\t\t<div class=\"elementor-element elementor-element-338feeb e-flex e-con-boxed e-con e-child\" data-id=\"338feeb\" data-element_type=\"container\" data-settings=\"{&quot;content_width&quot;:&quot;boxed&quot;}\">\n\t\t\t\t\t<div class=\"e-con-inner\">\n\t\t<div class=\"elementor-element elementor-element-e7fbfe0 e-flex e-con-boxed e-con e-child\" data-id=\"e7fbfe0\" data-element_type=\"container\" data-settings=\"{&quot;background_background&quot;:&quot;classic&quot;,&quot;content_width&quot;:&quot;boxed&quot;}\">\n\t\t\t\t\t<div class=\"e-con-inner\">\n\t\t\t\t<div class=\"elementor-element elementor-element-04b1094 elementor-widget elementor-widget-text-editor\" data-id=\"04b1094\" data-element_type=\"widget\" data-widget_type=\"text-editor.default\">\n\t\t\t\t<div class=\"elementor-widget-container\">\n\t\t\t\t\t\t\t<p class=\"font8\">La RPM n\u2019est pas la seule m\u00e9thode qui propose un apprentissage de l\u2019\u00e9pellation.<\/p><p class=\"font8\">La S2C (Spell 2 Communicate) est une autre m\u00e9thode qui se d\u00e9veloppe dans le monde.<\/p>\t\t\t\t\t\t<\/div>\n\t\t\t\t<\/div>\n\t\t\t\t<div class=\"elementor-element elementor-element-fec0199 elementor-widget elementor-widget-text-editor\" data-id=\"fec0199\" data-element_type=\"widget\" data-widget_type=\"text-editor.default\">\n\t\t\t\t<div class=\"elementor-widget-container\">\n\t\t\t\t\t\t\t<p>En 2021, en reprenant le travail apr\u00e8s un cong\u00e9 parental long, j&rsquo;ai voulu actualiser mes connaissances sur l&rsquo;autisme.<\/p><p><span style=\"font-style: inherit; font-weight: inherit;\">Parlant anglais, j&rsquo;ai lu le livre de Temple Grandin, &laquo;&nbsp;The way I see it&nbsp;&raquo;, 5\u00e8me \u00e9dition.<\/span><\/p><p><span style=\"font-style: inherit; font-weight: inherit;\">Dans un des chapitres, elle nommait Naoki Higashida, auteur du livre &laquo;&nbsp;Sais-tu pourquoi je saute ?&nbsp;&raquo; et Carly Fleischmann, auteure avec son p\u00e8re, du livre &laquo;&nbsp;Carly&rsquo;s Voice&nbsp;&raquo;. J&rsquo;avais d\u00e9j\u00e0 lu ces livres car je suis toujours tr\u00e8s int\u00e9ress\u00e9e par les t\u00e9moignages des personnes autistes elles-m\u00eames. Ces deux auteurs s&rsquo;expriment en \u00e9pelant leurs textes sur une planche de lettres ou un clavier. <\/span><\/p>\t\t\t\t\t\t<\/div>\n\t\t\t\t<\/div>\n\t\t\t\t<div class=\"elementor-element elementor-element-f73c641 elementor-widget elementor-widget-text-editor\" data-id=\"f73c641\" data-element_type=\"widget\" data-widget_type=\"text-editor.default\">\n\t\t\t\t<div class=\"elementor-widget-container\">\n\t\t\t\t\t\t\t<p>Lorsque je les avais d\u00e9couverts, j&rsquo;avais \u00e9t\u00e9 enthousiasm\u00e9e. Mais je pensais qu&rsquo;ils \u00e9taient des exceptions.<\/p><p><span style=\"font-style: inherit; font-weight: inherit;\">Dans son livre, Temple Grandin parlait aussi d&rsquo;un troisi\u00e8me auteur que je ne connaissais pas, Tito Mukhopadhyay, et de son livre &laquo;&nbsp;How can I speak if my lips don&rsquo;t move ?&nbsp;&raquo;. Je l&rsquo;ai lu. J&rsquo;ai d\u00e9couvert que Tito avait une maman, Soma Mukhopadhyay, et que cette maman avait d\u00e9velopp\u00e9 une m\u00e9thode pour permettre, entre autres, aux personnes autistes d&rsquo;acc\u00e9der \u00e0 la communication par l&rsquo;\u00e9pellation. J&rsquo;ai d\u00e9couvert que Naoki, Carly et Tito n&rsquo;\u00e9taient pas les seuls \u00e0 r\u00e9ussir \u00e0 \u00e9peler pour communiquer, qu&rsquo;ils \u00e9taient nombreux. J&rsquo;ai d\u00e9couvert que quoiqu&rsquo;autistes profonds, ils \u00e9taient intelligents, qu&rsquo;ils comprenaient tout.<\/span><\/p><p><span style=\"font-style: inherit; font-weight: inherit;\">Et mon monde a chang\u00e9.<\/span><\/p>\t\t\t\t\t\t<\/div>\n\t\t\t\t<\/div>\n\t\t\t\t<div class=\"elementor-element elementor-element-cb22ca6 elementor-widget elementor-widget-text-editor\" data-id=\"cb22ca6\" data-element_type=\"widget\" data-widget_type=\"text-editor.default\">\n\t\t\t\t<div class=\"elementor-widget-container\">\n\t\t\t\t\t\t\t<p>J&rsquo;ai lu les livres de Soma Mukhopadhyay expliquant les bases de sa m\u00e9thode, la Rapid Prompting Method (RPM).<\/p><p><span style=\"font-style: inherit; font-weight: inherit;\">J&rsquo;ai commenc\u00e9 \u00e0 essayer d&rsquo;appliquer la RPM avec quelques patients.<\/span><\/p><p><span style=\"font-style: inherit; font-weight: inherit;\">J&rsquo;ai fait la formation niveau 1 \u00e0 la RPM en visioconf\u00e9rence avec Soma en ao\u00fbt 2021.<\/span><\/p><p><span style=\"font-style: inherit; font-weight: inherit;\">Apr\u00e8s 2 ans de t\u00e2tonnements et de travail aupr\u00e8s de mes patients autistes en \u00e9cole maternelle, j&rsquo;ai finalement obtenu ma certification \u00a0en tant que &laquo;&nbsp;RPM practitioner Level 1&nbsp;&raquo; en ao\u00fbt 2023.<\/span><\/p><p>\u00a0<\/p>\t\t\t\t\t\t<\/div>\n\t\t\t\t<\/div>\n\t\t<div class=\"elementor-element elementor-element-94904a5 e-flex e-con-boxed e-con e-child\" data-id=\"94904a5\" data-element_type=\"container\" data-settings=\"{&quot;background_background&quot;:&quot;classic&quot;,&quot;content_width&quot;:&quot;boxed&quot;}\">\n\t\t\t\t\t<div class=\"e-con-inner\">\n\t\t\t\t<div class=\"elementor-element elementor-element-a8b8844 elementor-widget elementor-widget-menu-anchor\" data-id=\"a8b8844\" data-element_type=\"widget\" data-widget_type=\"menu-anchor.default\">\n\t\t\t\t<div class=\"elementor-widget-container\">\n\t\t\t\t\t<div id=\"CommentRPM\" class=\"elementor-menu-anchor\"><\/div>\n\t\t\t\t<\/div>\n\t\t\t\t<\/div>\n\t\t\t\t<div class=\"elementor-element elementor-element-4d5c99b elementor-widget elementor-widget-heading\" data-id=\"4d5c99b\" data-element_type=\"widget\" data-widget_type=\"heading.default\">\n\t\t\t\t<div class=\"elementor-widget-container\">\n\t\t\t<h1 class=\"elementor-heading-title elementor-size-xl\">La RPM <\/h1>\t\t<\/div>\n\t\t\t\t<\/div>\n\t\t\t\t\t<\/div>\n\t\t\t\t<\/div>\n\t\t\t\t<div class=\"elementor-element elementor-element-61a14ff elementor-widget elementor-widget-button\" data-id=\"61a14ff\" data-element_type=\"widget\" data-widget_type=\"button.default\">\n\t\t\t\t<div class=\"elementor-widget-container\">\n\t\t\t\t\t<div class=\"elementor-button-wrapper\">\n\t\t\t<a class=\"elementor-button elementor-button-link elementor-size-sm\" href=\"#SommaireRPM\">\n\t\t\t\t\t\t<span class=\"elementor-button-content-wrapper\">\n\t\t\t\t\t\t<span class=\"elementor-button-icon elementor-align-icon-right\">\n\t\t\t\t<i aria-hidden=\"true\" class=\"far fa-arrow-alt-circle-up\"><\/i>\t\t\t<\/span>\n\t\t\t\t\t\t<span class=\"elementor-button-text\">Sommaire<\/span>\n\t\t<\/span>\n\t\t\t\t\t<\/a>\n\t\t<\/div>\n\t\t\t\t<\/div>\n\t\t\t\t<\/div>\n\t\t\t\t\t<\/div>\n\t\t\t\t<\/div>\n\t\t\t\t\t<\/div>\n\t\t\t\t<\/div>\n\t\t\t\t\t<\/div>\n\t\t\t\t<\/div>\n\t\t\t\t\t<\/div>\n\t\t\t\t<\/div>\n\t\t\t\t\t<\/div>\n\t\t\t\t<\/div>\n\t\t<div class=\"elementor-element elementor-element-b99d4c9 e-flex e-con-boxed e-con e-child\" data-id=\"b99d4c9\" data-element_type=\"container\" data-settings=\"{&quot;content_width&quot;:&quot;boxed&quot;}\">\n\t\t\t\t\t<div class=\"e-con-inner\">\n\t\t\t\t\t<\/div>\n\t\t\t\t<\/div>\n\t\t<div class=\"elementor-element elementor-element-53d51ea e-flex e-con-boxed e-con e-parent\" data-id=\"53d51ea\" data-element_type=\"container\" data-settings=\"{&quot;content_width&quot;:&quot;boxed&quot;}\" data-core-v316-plus=\"true\">\n\t\t\t\t\t<div class=\"e-con-inner\">\n\t\t\t\t\t<\/div>\n\t\t\t\t<\/div>\n\t\t\t\t\t\t\t<\/div>\n\t\t","protected":false},"excerpt":{"rendered":"<p>Autisme La RPM La RPM et la pr\u00e9somption de comp\u00e9tence Il existe de plus en plus de t\u00e9moignages de personnes autistes qui ne peuvent pas parler mais qui peuvent communiquer par un autre moyen. On dit qu\u2019elles sont \u00ab verbales non oralisantes \u00bb. La plupart du temps, ces personnes s\u2019expriment en \u00e9pelant les mots sur [&hellip;]<\/p>\n","protected":false},"author":1,"featured_media":0,"parent":0,"menu_order":0,"comment_status":"closed","ping_status":"closed","template":"","meta":{"footnotes":""},"class_list":["post-27","page","type-page","status-publish","hentry","entry"],"_links":{"self":[{"href":"https:\/\/virginie.dubois.entierement.net\/wp\/wp-json\/wp\/v2\/pages\/27","targetHints":{"allow":["GET"]}}],"collection":[{"href":"https:\/\/virginie.dubois.entierement.net\/wp\/wp-json\/wp\/v2\/pages"}],"about":[{"href":"https:\/\/virginie.dubois.entierement.net\/wp\/wp-json\/wp\/v2\/types\/page"}],"author":[{"embeddable":true,"href":"https:\/\/virginie.dubois.entierement.net\/wp\/wp-json\/wp\/v2\/users\/1"}],"replies":[{"embeddable":true,"href":"https:\/\/virginie.dubois.entierement.net\/wp\/wp-json\/wp\/v2\/comments?post=27"}],"version-history":[{"count":88,"href":"https:\/\/virginie.dubois.entierement.net\/wp\/wp-json\/wp\/v2\/pages\/27\/revisions"}],"predecessor-version":[{"id":883,"href":"https:\/\/virginie.dubois.entierement.net\/wp\/wp-json\/wp\/v2\/pages\/27\/revisions\/883"}],"wp:attachment":[{"href":"https:\/\/virginie.dubois.entierement.net\/wp\/wp-json\/wp\/v2\/media?parent=27"}],"curies":[{"name":"wp","href":"https:\/\/api.w.org\/{rel}","templated":true}]}}